{"id":1028,"date":"2023-04-05T17:47:41","date_gmt":"2023-04-05T17:47:41","guid":{"rendered":"https:\/\/mplseguros.com\/?page_id=1028"},"modified":"2023-11-14T17:20:07","modified_gmt":"2023-11-14T17:20:07","slug":"nosotros","status":"publish","type":"page","link":"https:\/\/mplseguros.com\/index.php\/nosotros\/","title":{"rendered":"NOSOTROS"},"content":{"rendered":"<div data-colibri-id=\"1028-c1\" class=\"style-1304 style-local-1028-c1 position-relative\">\n  <!---->\n  <div data-colibri-component=\"section\" data-colibri-id=\"1028-c2\" id=\"custom\" class=\"h-section h-section-global-spacing d-flex align-items-lg-center align-items-md-center align-items-center style-1318 style-local-1028-c2 position-relative\">\n    <!---->\n    <!---->\n    <div class=\"h-section-grid-container h-section-boxed-container\">\n      <!---->\n      <div data-colibri-id=\"1028-c3\" class=\"h-row-container gutters-row-lg-1 gutters-row-md-1 gutters-row-0 gutters-row-v-lg-1 gutters-row-v-md-1 gutters-row-v-1 style-1321 style-local-1028-c3 position-relative\">\n        <!---->\n        <div class=\"h-row justify-content-lg-center justify-content-md-center justify-content-center align-items-lg-stretch align-items-md-stretch align-items-stretch gutters-col-lg-1 gutters-col-md-1 gutters-col-0 gutters-col-v-lg-1 gutters-col-v-md-1 gutters-col-v-1\">\n          <!---->\n          <div class=\"h-column h-column-container d-flex h-col-lg-auto h-col-md-auto h-col-auto style-1322-outer style-local-1028-c4-outer\">\n            <div data-colibri-id=\"1028-c4\" class=\"d-flex h-flex-basis h-column__inner h-px-lg-1 h-px-md-1 h-px-1 v-inner-lg-1 v-inner-md-1 v-inner-1 style-1322 style-local-1028-c4 position-relative\">\n              <!---->\n              <!---->\n              <div class=\"w-100 h-y-container h-column__content h-column__v-align flex-basis-100 align-self-lg-start align-self-md-start align-self-start\">\n                <!---->\n                <div data-colibri-id=\"1028-c5\" class=\"h-global-transition-all h-heading style-1323 style-local-1028-c5 position-relative h-element\">\n                  <!---->\n                  <div class=\"h-heading__outer style-1323 style-local-1028-c5\">\n                    <!---->\n                    <!---->\n                    <h3 class=\"\"><strong style=\"font-weight: 600; font-family: Montserrat; color: rgb(22, 29, 112);\">\u00bfQUI\u00c9NES SOMOS?<\/strong><\/h3>\n                  <\/div>\n                <\/div>\n              <\/div>\n            <\/div>\n          <\/div>\n        <\/div>\n      <\/div>\n      <div data-colibri-id=\"1028-c6\" class=\"h-row-container gutters-row-lg-1 gutters-row-md-1 gutters-row-0 gutters-row-v-lg-1 gutters-row-v-md-1 gutters-row-v-1 style-1324 style-local-1028-c6 position-relative\">\n        <!---->\n        <div class=\"h-row justify-content-lg-center justify-content-md-center justify-content-center align-items-lg-stretch align-items-md-stretch align-items-stretch gutters-col-lg-1 gutters-col-md-1 gutters-col-0 gutters-col-v-lg-1 gutters-col-v-md-1 gutters-col-v-1\">\n          <!---->\n          <div class=\"h-column h-column-container d-flex h-col-lg-auto h-col-md-auto h-col-auto style-1325-outer style-local-1028-c7-outer\">\n            <div data-colibri-id=\"1028-c7\" class=\"d-flex h-flex-basis h-column__inner h-px-lg-1 h-px-md-1 h-px-1 v-inner-lg-1 v-inner-md-1 v-inner-1 style-1325 style-local-1028-c7 position-relative\">\n              <!---->\n              <!---->\n              <div class=\"w-100 h-y-container h-column__content h-column__v-align flex-basis-100 align-self-lg-start align-self-md-start align-self-start\">\n                <!---->\n                <div data-colibri-id=\"1028-c8\" class=\"h-lead h-text h-text-component style-1326 style-local-1028-c8 position-relative h-element\">\n                  <!---->\n                  <!---->\n                  <div class=\"\">\n                    <p><span style=\"font-family: Montserrat;\">Somos una empresa lider en el Corretaje de Seguros Corporativos y de Personas, con una trayectoria de m\u00e1s de 4 generaciones en Honduras, brindando asesor\u00eda personalizada de Seguros.<\/span><\/p>\n                  <\/div>\n                <\/div>\n              <\/div>\n            <\/div>\n          <\/div>\n        <\/div>\n      <\/div>\n      <div data-colibri-id=\"1028-c9\" class=\"h-row-container gutters-row-lg-2 gutters-row-md-2 gutters-row-0 gutters-row-v-lg-2 gutters-row-v-md-2 gutters-row-v-2 style-1327 style-local-1028-c9 position-relative\">\n        <!---->\n        <div class=\"h-row justify-content-lg-center justify-content-md-center justify-content-center align-items-lg-stretch align-items-md-stretch align-items-stretch gutters-col-lg-2 gutters-col-md-2 gutters-col-0 gutters-col-v-lg-2 gutters-col-v-md-2 gutters-col-v-2\">\n          <!---->\n          <div class=\"h-column h-column-container d-flex h-col-lg-auto h-col-md-auto h-col-auto style-1328-outer style-local-1028-c10-outer\">\n            <div data-colibri-id=\"1028-c10\" class=\"d-flex h-flex-basis h-column__inner h-px-lg-2 h-px-md-2 h-px-2 v-inner-lg-2 v-inner-md-2 v-inner-2 style-1328 style-local-1028-c10 position-relative\">\n              <!---->\n              <!---->\n              <div class=\"w-100 h-y-container h-column__content h-column__v-align flex-basis-100 align-self-lg-start align-self-md-start align-self-start\">\n                <!---->\n                <div data-colibri-component=\"video\" data-colibri-id=\"1028-c11\" class=\"d-block h-video d-block h-video style-1329 style-local-1028-c11 position-relative h-element\">\n                  <!---->\n                  <!---->\n                  <div class=\"video-container position-relative\">\n                    <div class=\"h-global-transition-all ratio-inner\"><video class='h-video-main' controls  ><source src=http:\/\/mplseguros.com\/wp-content\/uploads\/2023\/06\/Untitled.mp4 type='video\/mp4' \/><\/video><\/div>\n                  <\/div>\n                <\/div>\n              <\/div>\n            <\/div>\n          <\/div>\n        <\/div>\n      <\/div>\n    <\/div>\n  <\/div>\n<\/div>","protected":false},"excerpt":{"rendered":"<p>\u00bfQUI\u00c9NES SOMOS? Somos una empresa lider en el Corretaje de Seguros Corporativos y de Personas, con una trayectoria de m\u00e1s de 4 generaciones en Honduras, brindando asesor\u00eda personalizada de Seguros.<\/p>\n","protected":false},"author":1,"featured_media":0,"parent":0,"menu_order":0,"comment_status":"closed","ping_status":"closed","template":"page-templates\/full-width-page.php","meta":{"footnotes":""},"yoast_head":"<!-- This site is optimized with the Yoast SEO plugin v21.8 - https:\/\/yoast.com\/wordpress\/plugins\/seo\/ -->\n<title>NOSOTROS - MPL Seguros<\/title>\n<meta name=\"robots\" content=\"index, follow, max-snippet:-1, max-image-preview:large, max-video-preview:-1\" \/>\n<link rel=\"canonical\" href=\"https:\/\/mplseguros.com\/index.php\/nosotros\/\" \/>\n<meta property=\"og:locale\" content=\"en_US\" \/>\n<meta property=\"og:type\" content=\"article\" \/>\n<meta property=\"og:title\" content=\"NOSOTROS - MPL Seguros\" \/>\n<meta property=\"og:description\" content=\"\u00bfQUI\u00c9NES SOMOS? Somos una empresa lider en el Corretaje de Seguros Corporativos y de Personas, con una trayectoria de m\u00e1s de 4 generaciones en Honduras, brindando asesor\u00eda personalizada de Seguros.\" \/>\n<meta property=\"og:url\" content=\"https:\/\/mplseguros.com\/index.php\/nosotros\/\" \/>\n<meta property=\"og:site_name\" content=\"MPL Seguros\" \/>\n<meta property=\"article:modified_time\" content=\"2023-11-14T17:20:07+00:00\" \/>\n<meta name=\"twitter:card\" content=\"summary_large_image\" \/>\n<script type=\"application\/ld+json\" class=\"yoast-schema-graph\">{\"@context\":\"https:\/\/schema.org\",\"@graph\":[{\"@type\":\"WebPage\",\"@id\":\"https:\/\/mplseguros.com\/index.php\/nosotros\/\",\"url\":\"https:\/\/mplseguros.com\/index.php\/nosotros\/\",\"name\":\"NOSOTROS - MPL Seguros\",\"isPartOf\":{\"@id\":\"https:\/\/mplseguros.com\/#website\"},\"datePublished\":\"2023-04-05T17:47:41+00:00\",\"dateModified\":\"2023-11-14T17:20:07+00:00\",\"breadcrumb\":{\"@id\":\"https:\/\/mplseguros.com\/index.php\/nosotros\/#breadcrumb\"},\"inLanguage\":\"en-US\",\"potentialAction\":[{\"@type\":\"ReadAction\",\"target\":[\"https:\/\/mplseguros.com\/index.php\/nosotros\/\"]}]},{\"@type\":\"BreadcrumbList\",\"@id\":\"https:\/\/mplseguros.com\/index.php\/nosotros\/#breadcrumb\",\"itemListElement\":[{\"@type\":\"ListItem\",\"position\":1,\"name\":\"Portada\",\"item\":\"https:\/\/mplseguros.com\/\"},{\"@type\":\"ListItem\",\"position\":2,\"name\":\"NOSOTROS\"}]},{\"@type\":\"WebSite\",\"@id\":\"https:\/\/mplseguros.com\/#website\",\"url\":\"https:\/\/mplseguros.com\/\",\"name\":\"MPL Seguros\",\"description\":\"\",\"publisher\":{\"@id\":\"https:\/\/mplseguros.com\/#organization\"},\"potentialAction\":[{\"@type\":\"SearchAction\",\"target\":{\"@type\":\"EntryPoint\",\"urlTemplate\":\"https:\/\/mplseguros.com\/?s={search_term_string}\"},\"query-input\":\"required name=search_term_string\"}],\"inLanguage\":\"en-US\"},{\"@type\":\"Organization\",\"@id\":\"https:\/\/mplseguros.com\/#organization\",\"name\":\"MPL Seguros\",\"url\":\"https:\/\/mplseguros.com\/\",\"logo\":{\"@type\":\"ImageObject\",\"inLanguage\":\"en-US\",\"@id\":\"https:\/\/mplseguros.com\/#\/schema\/logo\/image\/\",\"url\":\"https:\/\/mplseguros.com\/wp-content\/uploads\/2023\/04\/cropped-icono_Mesa-de-trabajo-1-1.png\",\"contentUrl\":\"https:\/\/mplseguros.com\/wp-content\/uploads\/2023\/04\/cropped-icono_Mesa-de-trabajo-1-1.png\",\"width\":4500,\"height\":1218,\"caption\":\"MPL Seguros\"},\"image\":{\"@id\":\"https:\/\/mplseguros.com\/#\/schema\/logo\/image\/\"}}]}<\/script>\n<!-- \/ Yoast SEO plugin. -->","yoast_head_json":{"title":"NOSOTROS - MPL Seguros","robots":{"index":"index","follow":"follow","max-snippet":"max-snippet:-1","max-image-preview":"max-image-preview:large","max-video-preview":"max-video-preview:-1"},"canonical":"https:\/\/mplseguros.com\/index.php\/nosotros\/","og_locale":"en_US","og_type":"article","og_title":"NOSOTROS - MPL Seguros","og_description":"\u00bfQUI\u00c9NES SOMOS? Somos una empresa lider en el Corretaje de Seguros Corporativos y de Personas, con una trayectoria de m\u00e1s de 4 generaciones en Honduras, brindando asesor\u00eda personalizada de Seguros.","og_url":"https:\/\/mplseguros.com\/index.php\/nosotros\/","og_site_name":"MPL Seguros","article_modified_time":"2023-11-14T17:20:07+00:00","twitter_card":"summary_large_image","schema":{"@context":"https:\/\/schema.org","@graph":[{"@type":"WebPage","@id":"https:\/\/mplseguros.com\/index.php\/nosotros\/","url":"https:\/\/mplseguros.com\/index.php\/nosotros\/","name":"NOSOTROS - MPL Seguros","isPartOf":{"@id":"https:\/\/mplseguros.com\/#website"},"datePublished":"2023-04-05T17:47:41+00:00","dateModified":"2023-11-14T17:20:07+00:00","breadcrumb":{"@id":"https:\/\/mplseguros.com\/index.php\/nosotros\/#breadcrumb"},"inLanguage":"en-US","potentialAction":[{"@type":"ReadAction","target":["https:\/\/mplseguros.com\/index.php\/nosotros\/"]}]},{"@type":"BreadcrumbList","@id":"https:\/\/mplseguros.com\/index.php\/nosotros\/#breadcrumb","itemListElement":[{"@type":"ListItem","position":1,"name":"Portada","item":"https:\/\/mplseguros.com\/"},{"@type":"ListItem","position":2,"name":"NOSOTROS"}]},{"@type":"WebSite","@id":"https:\/\/mplseguros.com\/#website","url":"https:\/\/mplseguros.com\/","name":"MPL Seguros","description":"","publisher":{"@id":"https:\/\/mplseguros.com\/#organization"},"potentialAction":[{"@type":"SearchAction","target":{"@type":"EntryPoint","urlTemplate":"https:\/\/mplseguros.com\/?s={search_term_string}"},"query-input":"required name=search_term_string"}],"inLanguage":"en-US"},{"@type":"Organization","@id":"https:\/\/mplseguros.com\/#organization","name":"MPL Seguros","url":"https:\/\/mplseguros.com\/","logo":{"@type":"ImageObject","inLanguage":"en-US","@id":"https:\/\/mplseguros.com\/#\/schema\/logo\/image\/","url":"https:\/\/mplseguros.com\/wp-content\/uploads\/2023\/04\/cropped-icono_Mesa-de-trabajo-1-1.png","contentUrl":"https:\/\/mplseguros.com\/wp-content\/uploads\/2023\/04\/cropped-icono_Mesa-de-trabajo-1-1.png","width":4500,"height":1218,"caption":"MPL Seguros"},"image":{"@id":"https:\/\/mplseguros.com\/#\/schema\/logo\/image\/"}}]}},"_links":{"self":[{"href":"https:\/\/mplseguros.com\/index.php\/wp-json\/wp\/v2\/pages\/1028"}],"collection":[{"href":"https:\/\/mplseguros.com\/index.php\/wp-json\/wp\/v2\/pages"}],"about":[{"href":"https:\/\/mplseguros.com\/index.php\/wp-json\/wp\/v2\/types\/page"}],"author":[{"embeddable":true,"href":"https:\/\/mplseguros.com\/index.php\/wp-json\/wp\/v2\/users\/1"}],"replies":[{"embeddable":true,"href":"https:\/\/mplseguros.com\/index.php\/wp-json\/wp\/v2\/comments?post=1028"}],"version-history":[{"count":9,"href":"https:\/\/mplseguros.com\/index.php\/wp-json\/wp\/v2\/pages\/1028\/revisions"}],"predecessor-version":[{"id":3051,"href":"https:\/\/mplseguros.com\/index.php\/wp-json\/wp\/v2\/pages\/1028\/revisions\/3051"}],"wp:attachment":[{"href":"https:\/\/mplseguros.com\/index.php\/wp-json\/wp\/v2\/media?parent=1028"}],"curies":[{"name":"wp","href":"https:\/\/api.w.org\/{rel}","templated":true}]}}