{"id":1030,"date":"2023-04-05T17:47:41","date_gmt":"2023-04-05T17:47:41","guid":{"rendered":"https:\/\/mplseguros.com\/?page_id=1030"},"modified":"2023-11-14T17:03:24","modified_gmt":"2023-11-14T17:03:24","slug":"seguro-de-vida","status":"publish","type":"page","link":"https:\/\/mplseguros.com\/index.php\/seguro-de-vida\/","title":{"rendered":"Seguro de Vida"},"content":{"rendered":"<div data-colibri-id=\"1030-c1\" class=\"style-1382 style-local-1030-c1 position-relative\">\n  <!---->\n  <div data-colibri-component=\"section\" data-colibri-id=\"1030-c2\" id=\"reusable-sections\" class=\"h-section h-section-global-spacing d-flex align-items-lg-center align-items-md-center align-items-center style-1383 style-local-1030-c2 position-relative\">\n    <div class=\"background-wrapper\">\n      <div class=\"background-layer background-layer-media-container-lg\">\n        <!---->\n        <div class=\"overlay-layer\">\n          <div class=\"overlay-image-layer\" style=\"background-image: linear-gradient(-90deg, rgb(255, 255, 255) 50%, rgba(69, 58, 148, 0) 50%);\"><\/div>\n          <div class=\"shape-layer colibri-shape-two-circles\" style=\"background-position: center center; background-size: cover; background-repeat: no-repeat; filter: invert(0%);\"><\/div>\n        <\/div>\n      <\/div>\n      <div class=\"background-layer background-layer-media-container-md\">\n        <!---->\n        <div class=\"overlay-layer\">\n          <div class=\"overlay-image-layer\" style=\"background-image: linear-gradient(-90deg, rgb(255, 255, 255) 50%, rgba(69, 58, 148, 0) 50%);\"><\/div>\n          <div class=\"shape-layer colibri-shape-two-circles\" style=\"background-position: center center; background-size: cover; background-repeat: no-repeat; filter: invert(0%);\"><\/div>\n        <\/div>\n      <\/div>\n      <div class=\"background-layer background-layer-media-container\">\n        <!---->\n        <div class=\"overlay-layer\">\n          <div class=\"overlay-image-layer\" style=\"background-image: linear-gradient(-90deg, rgb(255, 255, 255) 50%, rgba(69, 58, 148, 0) 50%);\"><\/div>\n          <div class=\"shape-layer colibri-shape-two-circles\" style=\"background-position: center center; background-size: cover; background-repeat: no-repeat; filter: invert(0%);\"><\/div>\n        <\/div>\n      <\/div>\n    <\/div>\n    <!---->\n    <div class=\"h-section-grid-container h-section-boxed-container\">\n      <!---->\n      <div data-colibri-id=\"1030-c3\" class=\"h-row-container gutters-row-lg-2 gutters-row-md-2 gutters-row-2 gutters-row-v-lg-2 gutters-row-v-md-2 gutters-row-v-2 style-1384 style-local-1030-c3 position-relative\">\n        <!---->\n        <div class=\"h-row justify-content-lg-end justify-content-md-end justify-content-end align-items-lg-stretch align-items-md-stretch align-items-stretch gutters-col-lg-2 gutters-col-md-2 gutters-col-2 gutters-col-v-lg-2 gutters-col-v-md-2 gutters-col-v-2\">\n          <!---->\n          <div class=\"h-column h-column-container d-flex h-col-lg-auto h-col-md-auto h-col-auto style-1385-outer style-local-1030-c4-outer\">\n            <div data-colibri-id=\"1030-c4\" class=\"d-flex h-flex-basis h-column__inner h-px-lg-0 h-px-md-0 h-px-0 v-inner-lg-0 v-inner-md-0 v-inner-0 style-1385 style-local-1030-c4 position-relative\">\n              <!---->\n              <!---->\n              <div class=\"w-100 h-y-container h-column__content h-column__v-align flex-basis-100 align-self-lg-center align-self-md-center align-self-center\">\n                <!---->\n                <div data-colibri-id=\"1030-c5\" class=\"h-global-transition-all h-heading style-1386 style-local-1030-c5 position-relative h-element\">\n                  <!---->\n                  <div class=\"h-heading__outer style-1386 style-local-1030-c5\">\n                    <!---->\n                    <!---->\n                    <h3 class=\"\"><span style=\"font-size: 120%; color: rgb(255, 255, 255); font-weight: 600; font-family: Montserrat;\">BENEFICIOS<\/span><\/h3>\n                  <\/div>\n                <\/div>\n                <div data-colibri-id=\"1030-c6\" class=\"h-text h-text-component style-1387 style-local-1030-c6 position-relative h-element\">\n                  <!---->\n                  <!---->\n                  <div class=\"\">\n                    <ul>\n                      <li><span style=\"font-family: Montserrat;\">Garantizar\u00e1 seguridad y respaldo en caso de su fallecimiento<\/span><\/li>\n                      <li><span style=\"font-family: Montserrat;\">Su cobertura no tiene limitaci\u00f3n geogr\u00e1fica<\/span><\/li>\n                      <li><span style=\"font-family: Montserrat;\">Prima nivelada de 20 a\u00f1os, adaptable para solucionar cualquier necesidad de seguro de corto, mediano y largo plazo<\/span><\/li>\n                      <li><span style=\"font-family: Montserrat;\">Cobertura las 24 horas del d\u00eda&nbsp;<\/span><\/li>\n                      <li><span style=\"font-family: Montserrat;\">La <\/span><span style=\"font-family: Montserrat; color: rgb(106, 106, 106);\">poliza<\/span><span style=\"font-family: Montserrat;\"> puede ser ser suscrita en Lempiras o US D\u00f3lares, por lo que el asegurado puede pagar la prima en US D\u00f3lares o Lempiras, calculadas al tipo de cambio vigente en la fecha que se realiza el pago, a condici\u00f3n que las indemnizaciones se realizar\u00e1n en la misma moneda de pago de la prima<\/span><\/li>\n                      <li><span style=\"font-family: Montserrat;\">El seguro es emitido como un Plan Anual Renovable, pero con la ventaja que las primas se mantienen niveladas por periodos de 20 a\u00f1os<\/span><\/li>\n                    <\/ul>\n                    <p>\n                      <br>\n                    <\/p>\n                  <\/div>\n                <\/div>\n                <div data-colibri-id=\"1030-c7\" class=\"h-global-transition-all h-heading style-1386 style-local-1030-c7 position-relative h-element\">\n                  <!---->\n                  <div class=\"h-heading__outer style-1386 style-local-1030-c7\">\n                    <!---->\n                    <!---->\n                    <h3 class=\"\"><span style=\"font-family: Montserrat; font-weight: 600; color: rgb(255, 255, 255); font-size: 120%;\">BENEFICIOS ADICIONALES<\/span><\/h3>\n                  <\/div>\n                <\/div>\n                <div data-colibri-id=\"1030-c8\" class=\"h-text h-text-component style-1387 style-local-1030-c8 position-relative h-element\">\n                  <!---->\n                  <!---->\n                  <div class=\"\">\n                    <ul>\n                      <li><span style=\"font-family: Montserrat;\">Doble indemnizaci\u00f3n por muerte, desmembramiento y\/o perdida de la vista accidentalmente<\/span><\/li>\n                      <li><span style=\"font-family: Montserrat;\">Triple indemnizaci\u00f3n por accidente calificado<\/span><\/li>\n                      <li><span style=\"font-family: Montserrat;\">Pago inticipado del Seguro por Invalidez Total y Permanente<\/span><\/li>\n                      <li><span style=\"font-family: Montserrat;\">Anticipaci\u00f3n de capital asegurado por enfermedades graves<\/span><\/li>\n                      <li><span style=\"font-family: Montserrat;\">Renta d\u00edaria por hospitalizaci\u00f3n por accidente o enfermedad<\/span><\/li>\n                      <li><span style=\"font-family: Montserrat;\">Cobertura por adelanto de gastos f\u00fanebres<\/span><\/li>\n                      <li><span style=\"font-family: Montserrat;\">Cobertura de adelanto por gastos de repatriaci\u00f3n<\/span><\/li>\n                      <li><span style=\"font-family: Montserrat;\">Muerte accidental en edificios p\u00fablicos<\/span><\/li>\n                      <li><span style=\"font-family: Montserrat;\">Muerte en accidentes de tr\u00e1nsito<\/span><\/li>\n                      <li><span style=\"font-family: Montserrat;\">Gastos de Escolaridad por fallecimiento<\/span><\/li>\n                      <li><span style=\"font-family: Montserrat;\">Canasta b\u00e1sica por fallecimiento<\/span><\/li>\n                    <\/ul>\n                    <p>\n                      <br>\n                    <\/p>\n                  <\/div>\n                <\/div>\n              <\/div>\n            <\/div>\n          <\/div>\n        <\/div>\n      <\/div>\n    <\/div>\n  <\/div>\n<\/div>","protected":false},"excerpt":{"rendered":"<p>BENEFICIOS Garantizar\u00e1 seguridad y respaldo en caso de su fallecimiento Su cobertura no tiene limitaci\u00f3n geogr\u00e1fica Prima nivelada de 20 a\u00f1os, adaptable para solucionar cualquier necesidad de seguro de corto, mediano y largo plazo Cobertura las 24 horas del d\u00eda&nbsp; La poliza puede ser ser suscrita en Lempiras o US D\u00f3lares, por lo que el [&hellip;]<\/p>\n","protected":false},"author":1,"featured_media":0,"parent":0,"menu_order":0,"comment_status":"closed","ping_status":"closed","template":"page-templates\/full-width-page.php","meta":{"footnotes":""},"yoast_head":"<!-- This site is optimized with the Yoast SEO plugin v21.8 - https:\/\/yoast.com\/wordpress\/plugins\/seo\/ -->\n<title>Seguro de Vida - MPL Seguros<\/title>\n<meta name=\"robots\" content=\"index, follow, max-snippet:-1, max-image-preview:large, max-video-preview:-1\" \/>\n<link rel=\"canonical\" href=\"https:\/\/mplseguros.com\/index.php\/seguro-de-vida\/\" \/>\n<meta property=\"og:locale\" content=\"en_US\" \/>\n<meta property=\"og:type\" content=\"article\" \/>\n<meta property=\"og:title\" content=\"Seguro de Vida - MPL Seguros\" \/>\n<meta property=\"og:description\" content=\"BENEFICIOS Garantizar\u00e1 seguridad y respaldo en caso de su fallecimiento Su cobertura no tiene limitaci\u00f3n geogr\u00e1fica Prima nivelada de 20 a\u00f1os, adaptable para solucionar cualquier necesidad de seguro de corto, mediano y largo plazo Cobertura las 24 horas del d\u00eda&nbsp; La poliza puede ser ser suscrita en Lempiras o US D\u00f3lares, por lo que el [&hellip;]\" \/>\n<meta property=\"og:url\" content=\"https:\/\/mplseguros.com\/index.php\/seguro-de-vida\/\" \/>\n<meta property=\"og:site_name\" content=\"MPL Seguros\" \/>\n<meta property=\"article:modified_time\" content=\"2023-11-14T17:03:24+00:00\" \/>\n<meta name=\"twitter:card\" content=\"summary_large_image\" \/>\n<meta name=\"twitter:label1\" content=\"Est. reading time\" \/>\n\t<meta name=\"twitter:data1\" content=\"1 minute\" \/>\n<script type=\"application\/ld+json\" class=\"yoast-schema-graph\">{\"@context\":\"https:\/\/schema.org\",\"@graph\":[{\"@type\":\"WebPage\",\"@id\":\"https:\/\/mplseguros.com\/index.php\/seguro-de-vida\/\",\"url\":\"https:\/\/mplseguros.com\/index.php\/seguro-de-vida\/\",\"name\":\"Seguro de Vida - MPL Seguros\",\"isPartOf\":{\"@id\":\"https:\/\/mplseguros.com\/#website\"},\"datePublished\":\"2023-04-05T17:47:41+00:00\",\"dateModified\":\"2023-11-14T17:03:24+00:00\",\"breadcrumb\":{\"@id\":\"https:\/\/mplseguros.com\/index.php\/seguro-de-vida\/#breadcrumb\"},\"inLanguage\":\"en-US\",\"potentialAction\":[{\"@type\":\"ReadAction\",\"target\":[\"https:\/\/mplseguros.com\/index.php\/seguro-de-vida\/\"]}]},{\"@type\":\"BreadcrumbList\",\"@id\":\"https:\/\/mplseguros.com\/index.php\/seguro-de-vida\/#breadcrumb\",\"itemListElement\":[{\"@type\":\"ListItem\",\"position\":1,\"name\":\"Portada\",\"item\":\"https:\/\/mplseguros.com\/\"},{\"@type\":\"ListItem\",\"position\":2,\"name\":\"Seguro de Vida\"}]},{\"@type\":\"WebSite\",\"@id\":\"https:\/\/mplseguros.com\/#website\",\"url\":\"https:\/\/mplseguros.com\/\",\"name\":\"MPL Seguros\",\"description\":\"\",\"publisher\":{\"@id\":\"https:\/\/mplseguros.com\/#organization\"},\"potentialAction\":[{\"@type\":\"SearchAction\",\"target\":{\"@type\":\"EntryPoint\",\"urlTemplate\":\"https:\/\/mplseguros.com\/?s={search_term_string}\"},\"query-input\":\"required name=search_term_string\"}],\"inLanguage\":\"en-US\"},{\"@type\":\"Organization\",\"@id\":\"https:\/\/mplseguros.com\/#organization\",\"name\":\"MPL Seguros\",\"url\":\"https:\/\/mplseguros.com\/\",\"logo\":{\"@type\":\"ImageObject\",\"inLanguage\":\"en-US\",\"@id\":\"https:\/\/mplseguros.com\/#\/schema\/logo\/image\/\",\"url\":\"https:\/\/mplseguros.com\/wp-content\/uploads\/2023\/04\/cropped-icono_Mesa-de-trabajo-1-1.png\",\"contentUrl\":\"https:\/\/mplseguros.com\/wp-content\/uploads\/2023\/04\/cropped-icono_Mesa-de-trabajo-1-1.png\",\"width\":4500,\"height\":1218,\"caption\":\"MPL Seguros\"},\"image\":{\"@id\":\"https:\/\/mplseguros.com\/#\/schema\/logo\/image\/\"}}]}<\/script>\n<!-- \/ Yoast SEO plugin. -->","yoast_head_json":{"title":"Seguro de Vida - MPL Seguros","robots":{"index":"index","follow":"follow","max-snippet":"max-snippet:-1","max-image-preview":"max-image-preview:large","max-video-preview":"max-video-preview:-1"},"canonical":"https:\/\/mplseguros.com\/index.php\/seguro-de-vida\/","og_locale":"en_US","og_type":"article","og_title":"Seguro de Vida - MPL Seguros","og_description":"BENEFICIOS Garantizar\u00e1 seguridad y respaldo en caso de su fallecimiento Su cobertura no tiene limitaci\u00f3n geogr\u00e1fica Prima nivelada de 20 a\u00f1os, adaptable para solucionar cualquier necesidad de seguro de corto, mediano y largo plazo Cobertura las 24 horas del d\u00eda&nbsp; La poliza puede ser ser suscrita en Lempiras o US D\u00f3lares, por lo que el [&hellip;]","og_url":"https:\/\/mplseguros.com\/index.php\/seguro-de-vida\/","og_site_name":"MPL Seguros","article_modified_time":"2023-11-14T17:03:24+00:00","twitter_card":"summary_large_image","twitter_misc":{"Est. reading time":"1 minute"},"schema":{"@context":"https:\/\/schema.org","@graph":[{"@type":"WebPage","@id":"https:\/\/mplseguros.com\/index.php\/seguro-de-vida\/","url":"https:\/\/mplseguros.com\/index.php\/seguro-de-vida\/","name":"Seguro de Vida - MPL Seguros","isPartOf":{"@id":"https:\/\/mplseguros.com\/#website"},"datePublished":"2023-04-05T17:47:41+00:00","dateModified":"2023-11-14T17:03:24+00:00","breadcrumb":{"@id":"https:\/\/mplseguros.com\/index.php\/seguro-de-vida\/#breadcrumb"},"inLanguage":"en-US","potentialAction":[{"@type":"ReadAction","target":["https:\/\/mplseguros.com\/index.php\/seguro-de-vida\/"]}]},{"@type":"BreadcrumbList","@id":"https:\/\/mplseguros.com\/index.php\/seguro-de-vida\/#breadcrumb","itemListElement":[{"@type":"ListItem","position":1,"name":"Portada","item":"https:\/\/mplseguros.com\/"},{"@type":"ListItem","position":2,"name":"Seguro de Vida"}]},{"@type":"WebSite","@id":"https:\/\/mplseguros.com\/#website","url":"https:\/\/mplseguros.com\/","name":"MPL Seguros","description":"","publisher":{"@id":"https:\/\/mplseguros.com\/#organization"},"potentialAction":[{"@type":"SearchAction","target":{"@type":"EntryPoint","urlTemplate":"https:\/\/mplseguros.com\/?s={search_term_string}"},"query-input":"required name=search_term_string"}],"inLanguage":"en-US"},{"@type":"Organization","@id":"https:\/\/mplseguros.com\/#organization","name":"MPL Seguros","url":"https:\/\/mplseguros.com\/","logo":{"@type":"ImageObject","inLanguage":"en-US","@id":"https:\/\/mplseguros.com\/#\/schema\/logo\/image\/","url":"https:\/\/mplseguros.com\/wp-content\/uploads\/2023\/04\/cropped-icono_Mesa-de-trabajo-1-1.png","contentUrl":"https:\/\/mplseguros.com\/wp-content\/uploads\/2023\/04\/cropped-icono_Mesa-de-trabajo-1-1.png","width":4500,"height":1218,"caption":"MPL Seguros"},"image":{"@id":"https:\/\/mplseguros.com\/#\/schema\/logo\/image\/"}}]}},"_links":{"self":[{"href":"https:\/\/mplseguros.com\/index.php\/wp-json\/wp\/v2\/pages\/1030"}],"collection":[{"href":"https:\/\/mplseguros.com\/index.php\/wp-json\/wp\/v2\/pages"}],"about":[{"href":"https:\/\/mplseguros.com\/index.php\/wp-json\/wp\/v2\/types\/page"}],"author":[{"embeddable":true,"href":"https:\/\/mplseguros.com\/index.php\/wp-json\/wp\/v2\/users\/1"}],"replies":[{"embeddable":true,"href":"https:\/\/mplseguros.com\/index.php\/wp-json\/wp\/v2\/comments?post=1030"}],"version-history":[{"count":17,"href":"https:\/\/mplseguros.com\/index.php\/wp-json\/wp\/v2\/pages\/1030\/revisions"}],"predecessor-version":[{"id":2965,"href":"https:\/\/mplseguros.com\/index.php\/wp-json\/wp\/v2\/pages\/1030\/revisions\/2965"}],"wp:attachment":[{"href":"https:\/\/mplseguros.com\/index.php\/wp-json\/wp\/v2\/media?parent=1030"}],"curies":[{"name":"wp","href":"https:\/\/api.w.org\/{rel}","templated":true}]}}