{"id":1035,"date":"2023-04-05T17:47:41","date_gmt":"2023-04-05T17:47:41","guid":{"rendered":"https:\/\/mplseguros.com\/?page_id=1035"},"modified":"2023-11-14T17:04:36","modified_gmt":"2023-11-14T17:04:36","slug":"seguro-medico","status":"publish","type":"page","link":"https:\/\/mplseguros.com\/index.php\/seguro-medico\/","title":{"rendered":"Seguro M\u00e9dico"},"content":{"rendered":"<div data-colibri-id=\"1035-c1\" class=\"style-1331 style-local-1035-c1 position-relative\">\n  <!---->\n  <div data-colibri-component=\"section\" data-colibri-id=\"1035-c2\" id=\"about\" class=\"h-section h-section-global-spacing d-flex align-items-lg-center align-items-md-center align-items-center style-1373 style-local-1035-c2 position-relative\">\n    <div class=\"background-wrapper\">\n      <div class=\"background-layer background-layer-media-container-lg\">\n        <!---->\n        <div class=\"overlay-layer\">\n          <div class=\"overlay-image-layer\" style=\"background-image: linear-gradient(-90deg, rgb(255, 255, 255) 50%, rgba(69, 58, 148, 0) 50%);\"><\/div>\n          <div class=\"shape-layer colibri-shape-two-circles\" style=\"background-position: center center; background-size: cover; background-repeat: no-repeat; filter: invert(0%);\"><\/div>\n        <\/div>\n      <\/div>\n      <div class=\"background-layer background-layer-media-container-md\">\n        <!---->\n        <div class=\"overlay-layer\">\n          <div class=\"overlay-image-layer\" style=\"background-image: linear-gradient(-90deg, rgb(255, 255, 255) 50%, rgba(69, 58, 148, 0) 50%);\"><\/div>\n          <div class=\"shape-layer colibri-shape-two-circles\" style=\"background-position: center center; background-size: cover; background-repeat: no-repeat; filter: invert(0%);\"><\/div>\n        <\/div>\n      <\/div>\n      <div class=\"background-layer background-layer-media-container\">\n        <!---->\n        <div class=\"overlay-layer\">\n          <div class=\"overlay-image-layer\" style=\"background-image: linear-gradient(-90deg, rgb(255, 255, 255) 50%, rgba(69, 58, 148, 0) 50%);\"><\/div>\n          <div class=\"shape-layer colibri-shape-two-circles\" style=\"background-position: center center; background-size: cover; background-repeat: no-repeat; filter: invert(0%);\"><\/div>\n        <\/div>\n      <\/div>\n    <\/div>\n    <!---->\n    <div class=\"h-section-grid-container h-section-boxed-container\">\n      <!---->\n      <div data-colibri-id=\"1035-c3\" class=\"h-row-container gutters-row-lg-2 gutters-row-md-2 gutters-row-2 gutters-row-v-lg-2 gutters-row-v-md-2 gutters-row-v-2 style-1374 style-local-1035-c3 position-relative\">\n        <!---->\n        <div class=\"h-row justify-content-lg-end justify-content-md-end justify-content-end align-items-lg-stretch align-items-md-stretch align-items-stretch gutters-col-lg-2 gutters-col-md-2 gutters-col-2 gutters-col-v-lg-2 gutters-col-v-md-2 gutters-col-v-2\">\n          <!---->\n          <div class=\"h-column h-column-container d-flex h-col-lg-auto h-col-md-auto h-col-auto style-1375-outer style-local-1035-c4-outer\">\n            <div data-colibri-id=\"1035-c4\" class=\"d-flex h-flex-basis h-column__inner h-px-lg-0 h-px-md-0 h-px-0 v-inner-lg-0 v-inner-md-0 v-inner-0 style-1375 style-local-1035-c4 position-relative\">\n              <!---->\n              <!---->\n              <div class=\"w-100 h-y-container h-column__content h-column__v-align flex-basis-100 align-self-lg-center align-self-md-center align-self-center\">\n                <!---->\n                <div data-colibri-id=\"1035-c5\" class=\"h-global-transition-all h-heading style-1380 style-local-1035-c5 position-relative h-element\">\n                  <!---->\n                  <div class=\"h-heading__outer style-1380 style-local-1035-c5\">\n                    <!---->\n                    <!---->\n                    <h3 class=\"\"><span style=\"font-family: Montserrat; font-weight: 600; color: rgb(255, 255, 255); font-size: 120%;\">BENEFICIOS<\/span><\/h3>\n                  <\/div>\n                <\/div>\n                <div data-colibri-id=\"1035-c6\" class=\"h-text h-text-component style-1381 style-local-1035-c6 position-relative h-element\">\n                  <!---->\n                  <!---->\n                  <div class=\"\">\n                    <ul>\n                      <li><span style=\"font-family: Montserrat;\">Sus empleados reciben protecci\u00f3n en caso de fallecimiento por muerte natural o accidental, pago de suma asegurada por incapacidad permanente a trav\u00e9s de rentas mensuales o por Incapacidad Temporal, adem\u00e1s de los gastos m\u00e9dicos por accidente, o la combinaci\u00f3n de las coberturas que m\u00e1s se ajusten a las necesidades de los empleados<\/span><\/li>\n                      <li><span style=\"font-family: Montserrat;\">Sus empleados contar\u00e1n con seguridad y tranquilidad lo cual beneficiar\u00e1 la estabilidad de la empresa<\/span><\/li>\n                    <\/ul>\n                    <p>\n                      <br>\n                    <\/p>\n                  <\/div>\n                <\/div>\n                <div data-colibri-id=\"1035-c7\" class=\"h-global-transition-all h-heading style-1380 style-local-1035-c7 position-relative h-element\">\n                  <!---->\n                  <div class=\"h-heading__outer style-1380 style-local-1035-c7\">\n                    <!---->\n                    <!---->\n                    <h3 class=\"\"><span style=\"font-family: Montserrat; font-weight: 600; color: rgb(255, 255, 255); font-size: 120%;\">COBERTURA<\/span><\/h3>\n                  <\/div>\n                <\/div>\n                <div data-colibri-id=\"1035-c8\" class=\"h-text h-text-component style-1381 style-local-1035-c8 position-relative h-element\">\n                  <!---->\n                  <!---->\n                  <div class=\"\">\n                    <ul>\n                      <li><span style=\"font-family: Montserrat;\">Gastos por precidimientos quir\u00fargicos<\/span><\/li>\n                      <li><span style=\"font-family: Montserrat;\">Maternidad como cualquier incapacidad<\/span><\/li>\n                      <li><span style=\"font-family: Montserrat;\">Pruebas de reacciones de alergias, inyecciones terap\u00e9uticas, intravenosas y sueros, facturados por un hospital o cl\u012bnica legalmente establecida.<\/span><\/li>\n                      <li><span style=\"font-family: Montserrat;\">Servicios de emergencia<\/span><\/li>\n                      <li><span style=\"font-family: Montserrat;\">Gastos diarios por cuarto y alimentos<\/span><\/li>\n                      <li><span style=\"font-family: Montserrat;\">Medicinas<\/span><\/li>\n                      <li><span style=\"font-family: Montserrat;\">Transplante de \u00f3rganos<\/span><\/li>\n                      <li><span style=\"font-family: Montserrat;\">Servicios generales de Enfermeria<\/span><\/li>\n                      <li><span style=\"font-family: Montserrat;\">Suministros m\u00e9dicos y quir\u00fargicos<\/span><\/li>\n                      <li><span style=\"font-family: Montserrat;\">Pruebas de laboratorio y radiograf\u00eda<\/span><\/li>\n                      <li><span style=\"font-family: Montserrat;\">Servicios de Anestesia&nbsp;<\/span><\/li>\n                      <li><span style=\"font-family: Montserrat;\">Patolog\u00eda<\/span><\/li>\n                      <li><span style=\"font-family: Montserrat;\">Cobertura para el c\u00f3nyugue e hijos menores (del empleado)<\/span><\/li>\n                    <\/ul>\n                    <p>\n                      <br>\n                    <\/p>\n                  <\/div>\n                <\/div>\n              <\/div>\n            <\/div>\n          <\/div>\n        <\/div>\n      <\/div>\n    <\/div>\n  <\/div>\n<\/div>","protected":false},"excerpt":{"rendered":"<p>BENEFICIOS Sus empleados reciben protecci\u00f3n en caso de fallecimiento por muerte natural o accidental, pago de suma asegurada por incapacidad permanente a trav\u00e9s de rentas mensuales o por Incapacidad Temporal, adem\u00e1s de los gastos m\u00e9dicos por accidente, o la combinaci\u00f3n de las coberturas que m\u00e1s se ajusten a las necesidades de los empleados Sus empleados [&hellip;]<\/p>\n","protected":false},"author":1,"featured_media":0,"parent":0,"menu_order":0,"comment_status":"closed","ping_status":"closed","template":"page-templates\/full-width-page.php","meta":{"footnotes":""},"yoast_head":"<!-- This site is optimized with the Yoast SEO plugin v21.8 - https:\/\/yoast.com\/wordpress\/plugins\/seo\/ -->\n<title>Seguro M\u00e9dico - MPL Seguros<\/title>\n<meta name=\"robots\" content=\"index, follow, max-snippet:-1, max-image-preview:large, max-video-preview:-1\" \/>\n<link rel=\"canonical\" href=\"https:\/\/mplseguros.com\/index.php\/seguro-medico\/\" \/>\n<meta property=\"og:locale\" content=\"en_US\" \/>\n<meta property=\"og:type\" content=\"article\" \/>\n<meta property=\"og:title\" content=\"Seguro M\u00e9dico - MPL Seguros\" \/>\n<meta property=\"og:description\" content=\"BENEFICIOS Sus empleados reciben protecci\u00f3n en caso de fallecimiento por muerte natural o accidental, pago de suma asegurada por incapacidad permanente a trav\u00e9s de rentas mensuales o por Incapacidad Temporal, adem\u00e1s de los gastos m\u00e9dicos por accidente, o la combinaci\u00f3n de las coberturas que m\u00e1s se ajusten a las necesidades de los empleados Sus empleados [&hellip;]\" \/>\n<meta property=\"og:url\" content=\"https:\/\/mplseguros.com\/index.php\/seguro-medico\/\" \/>\n<meta property=\"og:site_name\" content=\"MPL Seguros\" \/>\n<meta property=\"article:modified_time\" content=\"2023-11-14T17:04:36+00:00\" \/>\n<meta name=\"twitter:card\" content=\"summary_large_image\" \/>\n<meta name=\"twitter:label1\" content=\"Est. reading time\" \/>\n\t<meta name=\"twitter:data1\" content=\"1 minute\" \/>\n<script type=\"application\/ld+json\" class=\"yoast-schema-graph\">{\"@context\":\"https:\/\/schema.org\",\"@graph\":[{\"@type\":\"WebPage\",\"@id\":\"https:\/\/mplseguros.com\/index.php\/seguro-medico\/\",\"url\":\"https:\/\/mplseguros.com\/index.php\/seguro-medico\/\",\"name\":\"Seguro M\u00e9dico - MPL Seguros\",\"isPartOf\":{\"@id\":\"https:\/\/mplseguros.com\/#website\"},\"datePublished\":\"2023-04-05T17:47:41+00:00\",\"dateModified\":\"2023-11-14T17:04:36+00:00\",\"breadcrumb\":{\"@id\":\"https:\/\/mplseguros.com\/index.php\/seguro-medico\/#breadcrumb\"},\"inLanguage\":\"en-US\",\"potentialAction\":[{\"@type\":\"ReadAction\",\"target\":[\"https:\/\/mplseguros.com\/index.php\/seguro-medico\/\"]}]},{\"@type\":\"BreadcrumbList\",\"@id\":\"https:\/\/mplseguros.com\/index.php\/seguro-medico\/#breadcrumb\",\"itemListElement\":[{\"@type\":\"ListItem\",\"position\":1,\"name\":\"Portada\",\"item\":\"https:\/\/mplseguros.com\/\"},{\"@type\":\"ListItem\",\"position\":2,\"name\":\"Seguro M\u00e9dico\"}]},{\"@type\":\"WebSite\",\"@id\":\"https:\/\/mplseguros.com\/#website\",\"url\":\"https:\/\/mplseguros.com\/\",\"name\":\"MPL Seguros\",\"description\":\"\",\"publisher\":{\"@id\":\"https:\/\/mplseguros.com\/#organization\"},\"potentialAction\":[{\"@type\":\"SearchAction\",\"target\":{\"@type\":\"EntryPoint\",\"urlTemplate\":\"https:\/\/mplseguros.com\/?s={search_term_string}\"},\"query-input\":\"required name=search_term_string\"}],\"inLanguage\":\"en-US\"},{\"@type\":\"Organization\",\"@id\":\"https:\/\/mplseguros.com\/#organization\",\"name\":\"MPL Seguros\",\"url\":\"https:\/\/mplseguros.com\/\",\"logo\":{\"@type\":\"ImageObject\",\"inLanguage\":\"en-US\",\"@id\":\"https:\/\/mplseguros.com\/#\/schema\/logo\/image\/\",\"url\":\"https:\/\/mplseguros.com\/wp-content\/uploads\/2023\/04\/cropped-icono_Mesa-de-trabajo-1-1.png\",\"contentUrl\":\"https:\/\/mplseguros.com\/wp-content\/uploads\/2023\/04\/cropped-icono_Mesa-de-trabajo-1-1.png\",\"width\":4500,\"height\":1218,\"caption\":\"MPL Seguros\"},\"image\":{\"@id\":\"https:\/\/mplseguros.com\/#\/schema\/logo\/image\/\"}}]}<\/script>\n<!-- \/ Yoast SEO plugin. -->","yoast_head_json":{"title":"Seguro M\u00e9dico - MPL Seguros","robots":{"index":"index","follow":"follow","max-snippet":"max-snippet:-1","max-image-preview":"max-image-preview:large","max-video-preview":"max-video-preview:-1"},"canonical":"https:\/\/mplseguros.com\/index.php\/seguro-medico\/","og_locale":"en_US","og_type":"article","og_title":"Seguro M\u00e9dico - MPL Seguros","og_description":"BENEFICIOS Sus empleados reciben protecci\u00f3n en caso de fallecimiento por muerte natural o accidental, pago de suma asegurada por incapacidad permanente a trav\u00e9s de rentas mensuales o por Incapacidad Temporal, adem\u00e1s de los gastos m\u00e9dicos por accidente, o la combinaci\u00f3n de las coberturas que m\u00e1s se ajusten a las necesidades de los empleados Sus empleados [&hellip;]","og_url":"https:\/\/mplseguros.com\/index.php\/seguro-medico\/","og_site_name":"MPL Seguros","article_modified_time":"2023-11-14T17:04:36+00:00","twitter_card":"summary_large_image","twitter_misc":{"Est. reading time":"1 minute"},"schema":{"@context":"https:\/\/schema.org","@graph":[{"@type":"WebPage","@id":"https:\/\/mplseguros.com\/index.php\/seguro-medico\/","url":"https:\/\/mplseguros.com\/index.php\/seguro-medico\/","name":"Seguro M\u00e9dico - MPL Seguros","isPartOf":{"@id":"https:\/\/mplseguros.com\/#website"},"datePublished":"2023-04-05T17:47:41+00:00","dateModified":"2023-11-14T17:04:36+00:00","breadcrumb":{"@id":"https:\/\/mplseguros.com\/index.php\/seguro-medico\/#breadcrumb"},"inLanguage":"en-US","potentialAction":[{"@type":"ReadAction","target":["https:\/\/mplseguros.com\/index.php\/seguro-medico\/"]}]},{"@type":"BreadcrumbList","@id":"https:\/\/mplseguros.com\/index.php\/seguro-medico\/#breadcrumb","itemListElement":[{"@type":"ListItem","position":1,"name":"Portada","item":"https:\/\/mplseguros.com\/"},{"@type":"ListItem","position":2,"name":"Seguro M\u00e9dico"}]},{"@type":"WebSite","@id":"https:\/\/mplseguros.com\/#website","url":"https:\/\/mplseguros.com\/","name":"MPL Seguros","description":"","publisher":{"@id":"https:\/\/mplseguros.com\/#organization"},"potentialAction":[{"@type":"SearchAction","target":{"@type":"EntryPoint","urlTemplate":"https:\/\/mplseguros.com\/?s={search_term_string}"},"query-input":"required name=search_term_string"}],"inLanguage":"en-US"},{"@type":"Organization","@id":"https:\/\/mplseguros.com\/#organization","name":"MPL Seguros","url":"https:\/\/mplseguros.com\/","logo":{"@type":"ImageObject","inLanguage":"en-US","@id":"https:\/\/mplseguros.com\/#\/schema\/logo\/image\/","url":"https:\/\/mplseguros.com\/wp-content\/uploads\/2023\/04\/cropped-icono_Mesa-de-trabajo-1-1.png","contentUrl":"https:\/\/mplseguros.com\/wp-content\/uploads\/2023\/04\/cropped-icono_Mesa-de-trabajo-1-1.png","width":4500,"height":1218,"caption":"MPL Seguros"},"image":{"@id":"https:\/\/mplseguros.com\/#\/schema\/logo\/image\/"}}]}},"_links":{"self":[{"href":"https:\/\/mplseguros.com\/index.php\/wp-json\/wp\/v2\/pages\/1035"}],"collection":[{"href":"https:\/\/mplseguros.com\/index.php\/wp-json\/wp\/v2\/pages"}],"about":[{"href":"https:\/\/mplseguros.com\/index.php\/wp-json\/wp\/v2\/types\/page"}],"author":[{"embeddable":true,"href":"https:\/\/mplseguros.com\/index.php\/wp-json\/wp\/v2\/users\/1"}],"replies":[{"embeddable":true,"href":"https:\/\/mplseguros.com\/index.php\/wp-json\/wp\/v2\/comments?post=1035"}],"version-history":[{"count":16,"href":"https:\/\/mplseguros.com\/index.php\/wp-json\/wp\/v2\/pages\/1035\/revisions"}],"predecessor-version":[{"id":2972,"href":"https:\/\/mplseguros.com\/index.php\/wp-json\/wp\/v2\/pages\/1035\/revisions\/2972"}],"wp:attachment":[{"href":"https:\/\/mplseguros.com\/index.php\/wp-json\/wp\/v2\/media?parent=1035"}],"curies":[{"name":"wp","href":"https:\/\/api.w.org\/{rel}","templated":true}]}}