{"id":2206,"date":"2023-10-20T15:58:52","date_gmt":"2023-10-20T15:58:52","guid":{"rendered":"https:\/\/mplseguros.com\/?page_id=2206"},"modified":"2023-11-14T17:06:52","modified_gmt":"2023-11-14T17:06:52","slug":"seguro-de-auto-ii","status":"publish","type":"page","link":"https:\/\/mplseguros.com\/index.php\/seguro-de-auto-ii\/","title":{"rendered":"Seguro de Auto II"},"content":{"rendered":"<div data-colibri-id=\"2206-c1\" class=\"style-1484 style-local-2206-c1 position-relative\">\n  <!---->\n  <div data-colibri-component=\"section\" data-colibri-id=\"2206-c2\" id=\"reusable-sections\" class=\"h-section h-section-global-spacing d-flex align-items-lg-center align-items-md-center align-items-center style-1485 style-local-2206-c2 position-relative\">\n    <div class=\"background-wrapper\">\n      <div class=\"background-layer background-layer-media-container-lg\">\n        <!---->\n        <div class=\"overlay-layer\">\n          <div class=\"overlay-image-layer\" style=\"background-image: linear-gradient(-90deg, rgb(255, 255, 255) 50%, rgba(69, 58, 148, 0) 50%);\"><\/div>\n          <div class=\"shape-layer colibri-shape-two-circles\" style=\"background-position: center center; background-size: cover; background-repeat: no-repeat; filter: invert(0%);\"><\/div>\n        <\/div>\n      <\/div>\n      <div class=\"background-layer background-layer-media-container-md\">\n        <!---->\n        <div class=\"overlay-layer\">\n          <div class=\"overlay-image-layer\" style=\"background-image: linear-gradient(-90deg, rgb(255, 255, 255) 50%, rgba(69, 58, 148, 0) 50%);\"><\/div>\n          <div class=\"shape-layer colibri-shape-two-circles\" style=\"background-position: center center; background-size: cover; background-repeat: no-repeat; filter: invert(0%);\"><\/div>\n        <\/div>\n      <\/div>\n      <div class=\"background-layer background-layer-media-container\">\n        <!---->\n        <div class=\"overlay-layer\">\n          <div class=\"overlay-image-layer\" style=\"background-image: linear-gradient(-90deg, rgb(255, 255, 255) 50%, rgba(69, 58, 148, 0) 50%);\"><\/div>\n          <div class=\"shape-layer colibri-shape-two-circles\" style=\"background-position: center center; background-size: cover; background-repeat: no-repeat; filter: invert(0%);\"><\/div>\n        <\/div>\n      <\/div>\n    <\/div>\n    <!---->\n    <div class=\"h-section-grid-container h-section-boxed-container\">\n      <!---->\n      <div data-colibri-id=\"2206-c3\" class=\"h-row-container gutters-row-lg-2 gutters-row-md-2 gutters-row-2 gutters-row-v-lg-2 gutters-row-v-md-2 gutters-row-v-2 style-1486 style-local-2206-c3 position-relative\">\n        <!---->\n        <div class=\"h-row justify-content-lg-end justify-content-md-end justify-content-end align-items-lg-stretch align-items-md-stretch align-items-stretch gutters-col-lg-2 gutters-col-md-2 gutters-col-2 gutters-col-v-lg-2 gutters-col-v-md-2 gutters-col-v-2\">\n          <!---->\n          <div class=\"h-column h-column-container d-flex h-col-lg-auto h-col-md-auto h-col-auto style-1487-outer style-local-2206-c4-outer\">\n            <div data-colibri-id=\"2206-c4\" class=\"d-flex h-flex-basis h-column__inner h-px-lg-0 h-px-md-0 h-px-0 v-inner-lg-0 v-inner-md-0 v-inner-0 style-1487 style-local-2206-c4 position-relative\">\n              <!---->\n              <!---->\n              <div class=\"w-100 h-y-container h-column__content h-column__v-align flex-basis-100 align-self-lg-center align-self-md-center align-self-center\">\n                <!---->\n                <div data-colibri-id=\"2206-c5\" class=\"h-global-transition-all h-heading style-1488 style-local-2206-c5 position-relative h-element\">\n                  <!---->\n                  <div class=\"h-heading__outer style-1488 style-local-2206-c5\">\n                    <!---->\n                    <!---->\n                    <h3 class=\"\"><span style=\"font-family: Montserrat; font-weight: 600; color: rgb(255, 255, 255); font-size: 120%;\">BENEFICIOS<\/span><\/h3>\n                  <\/div>\n                <\/div>\n                <div data-colibri-id=\"2206-c6\" class=\"h-text h-text-component style-1489 style-local-2206-c6 position-relative h-element\">\n                  <!---->\n                  <!---->\n                  <div class=\"\">\n                    <p>\u00a1Conduce con confianza! Asegura tu autom\u00f3vil con nuestro Seguro de Auto!&nbsp; Tener un seguro de autom\u00f3vil no es solo una precauci\u00f3n inteligente, es una necesidad imperativa en el mundo de hoy. Nuestro Seguro de Autom\u00f3vil est\u00e1 dise\u00f1ado\n                      para brindarte la protecci\u00f3n que necesitas para enfrentar los desafios mientras conduces.&nbsp;<\/p>\n                  <\/div>\n                <\/div>\n                <div data-colibri-id=\"2206-c7\" class=\"h-global-transition-all h-heading style-1488 style-local-2206-c7 position-relative h-element\">\n                  <!---->\n                  <div class=\"h-heading__outer style-1488 style-local-2206-c7\">\n                    <!---->\n                    <!---->\n                    <h3 class=\"\"><span style=\"font-family: Montserrat; font-weight: 600; color: rgb(255, 255, 255); font-size: 120%;\">COBERTURA<\/span><\/h3>\n                  <\/div>\n                <\/div>\n                <div data-colibri-id=\"2206-c8\" class=\"h-text h-text-component style-1489 style-local-2206-c8 position-relative h-element\">\n                  <!---->\n                  <!---->\n                  <div class=\"\">\n                    <ul>\n                      <li>Colisiones y\/o vuelcos accidentales<\/li>\n                      <li>Da\u00f1os a terceros&nbsp;<\/li>\n                      <li>Rotura de cristales<\/li>\n                      <li>Robo y perdida total de tu veh\u00edculo&nbsp;<\/li>\n                      <li>Gastos m\u00e9dicos para los ocupantes<\/li>\n                      <li>Cobertura Centroamericana<\/li>\n                      <li>Asistencia V\u00edal<\/li>\n                    <\/ul>\n                  <\/div>\n                <\/div>\n                <div data-colibri-id=\"2206-c9\" class=\"h-global-transition-all h-heading style-1488 style-local-2206-c9 position-relative h-element\">\n                  <!---->\n                  <div class=\"h-heading__outer style-1488 style-local-2206-c9\">\n                    <!---->\n                    <!---->\n                    <h3 class=\"\"><span style=\"font-size: 120%; color: rgb(255, 255, 255); font-weight: 600; font-family: Montserrat;\">\u00bfQU\u00c9 VEHICLOS PUEDO ASEGURAR?<\/span><\/h3>\n                  <\/div>\n                <\/div>\n                <div data-colibri-id=\"2206-c10\" class=\"h-text h-text-component style-1489 style-local-2206-c10 position-relative h-element\">\n                  <!---->\n                  <!---->\n                  <div class=\"\">\n                    <ul>\n                      <li>Veh\u00edculos livianos<\/li>\n                      <li>Veh\u00edculos pesados<\/li>\n                      <li>Flotas Empresariales<\/li>\n                      <li>Motocicletas<\/li>\n                    <\/ul>\n                    <p>\n                      <br>\n                    <\/p>\n                  <\/div>\n                <\/div>\n              <\/div>\n            <\/div>\n          <\/div>\n        <\/div>\n      <\/div>\n    <\/div>\n  <\/div>\n<\/div>","protected":false},"excerpt":{"rendered":"<p>BENEFICIOS \u00a1Conduce con confianza! Asegura tu autom\u00f3vil con nuestro Seguro de Auto!&nbsp; Tener un seguro de autom\u00f3vil no es solo una precauci\u00f3n inteligente, es una necesidad imperativa en el mundo de hoy. Nuestro Seguro de Autom\u00f3vil est\u00e1 dise\u00f1ado para brindarte la protecci\u00f3n que necesitas para enfrentar los desafios mientras conduces.&nbsp; COBERTURA Colisiones y\/o vuelcos accidentales [&hellip;]<\/p>\n","protected":false},"author":1,"featured_media":0,"parent":0,"menu_order":0,"comment_status":"closed","ping_status":"closed","template":"page-templates\/full-width-page.php","meta":{"footnotes":""},"yoast_head":"<!-- This site is optimized with the Yoast SEO plugin v21.8 - https:\/\/yoast.com\/wordpress\/plugins\/seo\/ -->\n<title>Seguro de Auto II - MPL Seguros<\/title>\n<meta name=\"robots\" content=\"index, follow, max-snippet:-1, max-image-preview:large, max-video-preview:-1\" \/>\n<link rel=\"canonical\" href=\"https:\/\/mplseguros.com\/index.php\/seguro-de-auto-ii\/\" \/>\n<meta property=\"og:locale\" content=\"en_US\" \/>\n<meta property=\"og:type\" content=\"article\" \/>\n<meta property=\"og:title\" content=\"Seguro de Auto II - MPL Seguros\" \/>\n<meta property=\"og:description\" content=\"BENEFICIOS \u00a1Conduce con confianza! Asegura tu autom\u00f3vil con nuestro Seguro de Auto!&nbsp; Tener un seguro de autom\u00f3vil no es solo una precauci\u00f3n inteligente, es una necesidad imperativa en el mundo de hoy. Nuestro Seguro de Autom\u00f3vil est\u00e1 dise\u00f1ado para brindarte la protecci\u00f3n que necesitas para enfrentar los desafios mientras conduces.&nbsp; COBERTURA Colisiones y\/o vuelcos accidentales [&hellip;]\" \/>\n<meta property=\"og:url\" content=\"https:\/\/mplseguros.com\/index.php\/seguro-de-auto-ii\/\" \/>\n<meta property=\"og:site_name\" content=\"MPL Seguros\" \/>\n<meta property=\"article:modified_time\" content=\"2023-11-14T17:06:52+00:00\" \/>\n<meta name=\"twitter:card\" content=\"summary_large_image\" \/>\n<meta name=\"twitter:label1\" content=\"Est. reading time\" \/>\n\t<meta name=\"twitter:data1\" content=\"1 minute\" \/>\n<script type=\"application\/ld+json\" class=\"yoast-schema-graph\">{\"@context\":\"https:\/\/schema.org\",\"@graph\":[{\"@type\":\"WebPage\",\"@id\":\"https:\/\/mplseguros.com\/index.php\/seguro-de-auto-ii\/\",\"url\":\"https:\/\/mplseguros.com\/index.php\/seguro-de-auto-ii\/\",\"name\":\"Seguro de Auto II - MPL Seguros\",\"isPartOf\":{\"@id\":\"https:\/\/mplseguros.com\/#website\"},\"datePublished\":\"2023-10-20T15:58:52+00:00\",\"dateModified\":\"2023-11-14T17:06:52+00:00\",\"breadcrumb\":{\"@id\":\"https:\/\/mplseguros.com\/index.php\/seguro-de-auto-ii\/#breadcrumb\"},\"inLanguage\":\"en-US\",\"potentialAction\":[{\"@type\":\"ReadAction\",\"target\":[\"https:\/\/mplseguros.com\/index.php\/seguro-de-auto-ii\/\"]}]},{\"@type\":\"BreadcrumbList\",\"@id\":\"https:\/\/mplseguros.com\/index.php\/seguro-de-auto-ii\/#breadcrumb\",\"itemListElement\":[{\"@type\":\"ListItem\",\"position\":1,\"name\":\"Portada\",\"item\":\"https:\/\/mplseguros.com\/\"},{\"@type\":\"ListItem\",\"position\":2,\"name\":\"Seguro de Auto II\"}]},{\"@type\":\"WebSite\",\"@id\":\"https:\/\/mplseguros.com\/#website\",\"url\":\"https:\/\/mplseguros.com\/\",\"name\":\"MPL Seguros\",\"description\":\"\",\"publisher\":{\"@id\":\"https:\/\/mplseguros.com\/#organization\"},\"potentialAction\":[{\"@type\":\"SearchAction\",\"target\":{\"@type\":\"EntryPoint\",\"urlTemplate\":\"https:\/\/mplseguros.com\/?s={search_term_string}\"},\"query-input\":\"required name=search_term_string\"}],\"inLanguage\":\"en-US\"},{\"@type\":\"Organization\",\"@id\":\"https:\/\/mplseguros.com\/#organization\",\"name\":\"MPL Seguros\",\"url\":\"https:\/\/mplseguros.com\/\",\"logo\":{\"@type\":\"ImageObject\",\"inLanguage\":\"en-US\",\"@id\":\"https:\/\/mplseguros.com\/#\/schema\/logo\/image\/\",\"url\":\"https:\/\/mplseguros.com\/wp-content\/uploads\/2023\/04\/cropped-icono_Mesa-de-trabajo-1-1.png\",\"contentUrl\":\"https:\/\/mplseguros.com\/wp-content\/uploads\/2023\/04\/cropped-icono_Mesa-de-trabajo-1-1.png\",\"width\":4500,\"height\":1218,\"caption\":\"MPL Seguros\"},\"image\":{\"@id\":\"https:\/\/mplseguros.com\/#\/schema\/logo\/image\/\"}}]}<\/script>\n<!-- \/ Yoast SEO plugin. -->","yoast_head_json":{"title":"Seguro de Auto II - MPL Seguros","robots":{"index":"index","follow":"follow","max-snippet":"max-snippet:-1","max-image-preview":"max-image-preview:large","max-video-preview":"max-video-preview:-1"},"canonical":"https:\/\/mplseguros.com\/index.php\/seguro-de-auto-ii\/","og_locale":"en_US","og_type":"article","og_title":"Seguro de Auto II - MPL Seguros","og_description":"BENEFICIOS \u00a1Conduce con confianza! Asegura tu autom\u00f3vil con nuestro Seguro de Auto!&nbsp; Tener un seguro de autom\u00f3vil no es solo una precauci\u00f3n inteligente, es una necesidad imperativa en el mundo de hoy. Nuestro Seguro de Autom\u00f3vil est\u00e1 dise\u00f1ado para brindarte la protecci\u00f3n que necesitas para enfrentar los desafios mientras conduces.&nbsp; COBERTURA Colisiones y\/o vuelcos accidentales [&hellip;]","og_url":"https:\/\/mplseguros.com\/index.php\/seguro-de-auto-ii\/","og_site_name":"MPL Seguros","article_modified_time":"2023-11-14T17:06:52+00:00","twitter_card":"summary_large_image","twitter_misc":{"Est. reading time":"1 minute"},"schema":{"@context":"https:\/\/schema.org","@graph":[{"@type":"WebPage","@id":"https:\/\/mplseguros.com\/index.php\/seguro-de-auto-ii\/","url":"https:\/\/mplseguros.com\/index.php\/seguro-de-auto-ii\/","name":"Seguro de Auto II - MPL Seguros","isPartOf":{"@id":"https:\/\/mplseguros.com\/#website"},"datePublished":"2023-10-20T15:58:52+00:00","dateModified":"2023-11-14T17:06:52+00:00","breadcrumb":{"@id":"https:\/\/mplseguros.com\/index.php\/seguro-de-auto-ii\/#breadcrumb"},"inLanguage":"en-US","potentialAction":[{"@type":"ReadAction","target":["https:\/\/mplseguros.com\/index.php\/seguro-de-auto-ii\/"]}]},{"@type":"BreadcrumbList","@id":"https:\/\/mplseguros.com\/index.php\/seguro-de-auto-ii\/#breadcrumb","itemListElement":[{"@type":"ListItem","position":1,"name":"Portada","item":"https:\/\/mplseguros.com\/"},{"@type":"ListItem","position":2,"name":"Seguro de Auto II"}]},{"@type":"WebSite","@id":"https:\/\/mplseguros.com\/#website","url":"https:\/\/mplseguros.com\/","name":"MPL Seguros","description":"","publisher":{"@id":"https:\/\/mplseguros.com\/#organization"},"potentialAction":[{"@type":"SearchAction","target":{"@type":"EntryPoint","urlTemplate":"https:\/\/mplseguros.com\/?s={search_term_string}"},"query-input":"required name=search_term_string"}],"inLanguage":"en-US"},{"@type":"Organization","@id":"https:\/\/mplseguros.com\/#organization","name":"MPL Seguros","url":"https:\/\/mplseguros.com\/","logo":{"@type":"ImageObject","inLanguage":"en-US","@id":"https:\/\/mplseguros.com\/#\/schema\/logo\/image\/","url":"https:\/\/mplseguros.com\/wp-content\/uploads\/2023\/04\/cropped-icono_Mesa-de-trabajo-1-1.png","contentUrl":"https:\/\/mplseguros.com\/wp-content\/uploads\/2023\/04\/cropped-icono_Mesa-de-trabajo-1-1.png","width":4500,"height":1218,"caption":"MPL Seguros"},"image":{"@id":"https:\/\/mplseguros.com\/#\/schema\/logo\/image\/"}}]}},"_links":{"self":[{"href":"https:\/\/mplseguros.com\/index.php\/wp-json\/wp\/v2\/pages\/2206"}],"collection":[{"href":"https:\/\/mplseguros.com\/index.php\/wp-json\/wp\/v2\/pages"}],"about":[{"href":"https:\/\/mplseguros.com\/index.php\/wp-json\/wp\/v2\/types\/page"}],"author":[{"embeddable":true,"href":"https:\/\/mplseguros.com\/index.php\/wp-json\/wp\/v2\/users\/1"}],"replies":[{"embeddable":true,"href":"https:\/\/mplseguros.com\/index.php\/wp-json\/wp\/v2\/comments?post=2206"}],"version-history":[{"count":5,"href":"https:\/\/mplseguros.com\/index.php\/wp-json\/wp\/v2\/pages\/2206\/revisions"}],"predecessor-version":[{"id":3000,"href":"https:\/\/mplseguros.com\/index.php\/wp-json\/wp\/v2\/pages\/2206\/revisions\/3000"}],"wp:attachment":[{"href":"https:\/\/mplseguros.com\/index.php\/wp-json\/wp\/v2\/media?parent=2206"}],"curies":[{"name":"wp","href":"https:\/\/api.w.org\/{rel}","templated":true}]}}