{"id":2236,"date":"2023-10-20T16:33:24","date_gmt":"2023-10-20T16:33:24","guid":{"rendered":"https:\/\/mplseguros.com\/?page_id=2236"},"modified":"2023-11-14T17:07:21","modified_gmt":"2023-11-14T17:07:21","slug":"seguro-todo-riesgo-construccion-y-montaje","status":"publish","type":"page","link":"https:\/\/mplseguros.com\/index.php\/seguro-todo-riesgo-construccion-y-montaje\/","title":{"rendered":"Seguro Todo Riesgo Construcci\u00f3n y Montaje"},"content":{"rendered":"<div data-colibri-id=\"2236-c1\" class=\"style-1490 style-local-2236-c1 position-relative\">\n  <!---->\n  <div data-colibri-component=\"section\" data-colibri-id=\"2236-c2\" id=\"reusable-sections\" class=\"h-section h-section-global-spacing d-flex align-items-lg-center align-items-md-center align-items-center style-1491 style-local-2236-c2 position-relative\">\n    <div class=\"background-wrapper\">\n      <div class=\"background-layer background-layer-media-container-lg\">\n        <!---->\n        <div class=\"overlay-layer\">\n          <div class=\"overlay-image-layer\" style=\"background-image: linear-gradient(-90deg, rgb(255, 255, 255) 50%, rgba(69, 58, 148, 0) 50%);\"><\/div>\n          <div class=\"shape-layer colibri-shape-two-circles\" style=\"background-position: center center; background-size: cover; background-repeat: no-repeat; filter: invert(0%);\"><\/div>\n        <\/div>\n      <\/div>\n      <div class=\"background-layer background-layer-media-container-md\">\n        <!---->\n        <div class=\"overlay-layer\">\n          <div class=\"overlay-image-layer\" style=\"background-image: linear-gradient(-90deg, rgb(255, 255, 255) 50%, rgba(69, 58, 148, 0) 50%);\"><\/div>\n          <div class=\"shape-layer colibri-shape-two-circles\" style=\"background-position: center center; background-size: cover; background-repeat: no-repeat; filter: invert(0%);\"><\/div>\n        <\/div>\n      <\/div>\n      <div class=\"background-layer background-layer-media-container\">\n        <!---->\n        <div class=\"overlay-layer\">\n          <div class=\"overlay-image-layer\" style=\"background-image: linear-gradient(-90deg, rgb(255, 255, 255) 50%, rgba(69, 58, 148, 0) 50%);\"><\/div>\n          <div class=\"shape-layer colibri-shape-two-circles\" style=\"background-position: center center; background-size: cover; background-repeat: no-repeat; filter: invert(0%);\"><\/div>\n        <\/div>\n      <\/div>\n    <\/div>\n    <!---->\n    <div class=\"h-section-grid-container h-section-boxed-container\">\n      <!---->\n      <div data-colibri-id=\"2236-c3\" class=\"h-row-container gutters-row-lg-2 gutters-row-md-2 gutters-row-2 gutters-row-v-lg-2 gutters-row-v-md-2 gutters-row-v-2 style-1492 style-local-2236-c3 position-relative\">\n        <!---->\n        <div class=\"h-row justify-content-lg-end justify-content-md-end justify-content-end align-items-lg-stretch align-items-md-stretch align-items-stretch gutters-col-lg-2 gutters-col-md-2 gutters-col-2 gutters-col-v-lg-2 gutters-col-v-md-2 gutters-col-v-2\">\n          <!---->\n          <div class=\"h-column h-column-container d-flex h-col-lg-auto h-col-md-auto h-col-auto style-1493-outer style-local-2236-c4-outer\">\n            <div data-colibri-id=\"2236-c4\" class=\"d-flex h-flex-basis h-column__inner h-px-lg-0 h-px-md-0 h-px-0 v-inner-lg-0 v-inner-md-0 v-inner-0 style-1493 style-local-2236-c4 position-relative\">\n              <!---->\n              <!---->\n              <div class=\"w-100 h-y-container h-column__content h-column__v-align flex-basis-100 align-self-lg-center align-self-md-center align-self-center\">\n                <!---->\n                <div data-colibri-id=\"2236-c5\" class=\"h-global-transition-all h-heading style-1494 style-local-2236-c5 position-relative h-element\">\n                  <!---->\n                  <div class=\"h-heading__outer style-1494 style-local-2236-c5\">\n                    <!---->\n                    <!---->\n                    <h3 class=\"\"><span style=\"font-family: Montserrat; font-weight: 600; color: rgb(255, 255, 255); font-size: 120%;\">BENEFICIOS<\/span><\/h3>\n                  <\/div>\n                <\/div>\n                <div data-colibri-id=\"2236-c6\" class=\"h-text h-text-component style-1495 style-local-2236-c6 position-relative h-element\">\n                  <!---->\n                  <!---->\n                  <div class=\"\">\n                    <p>Cada obra, ya sea una vivienda, edificio o infraestructuras, enfrentan innumerables desaf\u00edos y riesgos durante su proceso de construcci\u00f3n. Para proteger tus inversiones y asegurar la continuidad de tus proyectos, el Seguro de Todo\n                      Riesgo Construcci\u00f3n se convierte en tu aliado fundamental.&nbsp;<\/p>\n                    <p>Tambi\u00e9n conocido como seguro de construcci\u00f3n o seguro de obras, es una herramienta esencial que ofrece protecci\u00f3n integral a todas las partes involucradas en un proyecto de construcci\u00f3n. Este seguro cubre una amplia gama de riesgos\n                      y eventualidades que podr\u00edan surgir durante el proceso de construcci\u00f3n, garantizando la tranquilidad de los propietarios, contratistas, subcontratistas y otros interesados.&nbsp;<\/p>\n                  <\/div>\n                <\/div>\n                <div data-colibri-id=\"2236-c7\" class=\"h-global-transition-all h-heading style-1494 style-local-2236-c7 position-relative h-element\">\n                  <!---->\n                  <div class=\"h-heading__outer style-1494 style-local-2236-c7\">\n                    <!---->\n                    <!---->\n                    <h3 class=\"\"><span style=\"font-family: Montserrat; font-weight: 600; color: rgb(255, 255, 255); font-size: 120%;\">COBERTURA<\/span><\/h3>\n                  <\/div>\n                <\/div>\n                <div data-colibri-id=\"2236-c8\" class=\"h-text h-text-component style-1495 style-local-2236-c8 position-relative h-element\">\n                  <!---->\n                  <!---->\n                  <div class=\"\">\n                    <ul>\n                      <li>Da\u00f1os materiales<\/li>\n                      <li>Responsabilidad Civil<\/li>\n                      <li>Reemplazo de equipos y maquinaria<\/li>\n                      <li>Gastos Adicionales<\/li>\n                      <li>Gastos de remoci\u00f3n de escombros<\/li>\n                      <li>Gastos legales<\/li>\n                    <\/ul>\n                  <\/div>\n                <\/div>\n              <\/div>\n            <\/div>\n          <\/div>\n        <\/div>\n      <\/div>\n    <\/div>\n  <\/div>\n<\/div>","protected":false},"excerpt":{"rendered":"<p>BENEFICIOS Cada obra, ya sea una vivienda, edificio o infraestructuras, enfrentan innumerables desaf\u00edos y riesgos durante su proceso de construcci\u00f3n. Para proteger tus inversiones y asegurar la continuidad de tus proyectos, el Seguro de Todo Riesgo Construcci\u00f3n se convierte en tu aliado fundamental.&nbsp; Tambi\u00e9n conocido como seguro de construcci\u00f3n o seguro de obras, es una [&hellip;]<\/p>\n","protected":false},"author":1,"featured_media":0,"parent":0,"menu_order":0,"comment_status":"closed","ping_status":"closed","template":"page-templates\/full-width-page.php","meta":{"footnotes":""},"yoast_head":"<!-- This site is optimized with the Yoast SEO plugin v21.8 - https:\/\/yoast.com\/wordpress\/plugins\/seo\/ -->\n<title>Seguro Todo Riesgo Construcci\u00f3n y Montaje - MPL Seguros<\/title>\n<meta name=\"robots\" content=\"index, follow, max-snippet:-1, max-image-preview:large, max-video-preview:-1\" \/>\n<link rel=\"canonical\" href=\"https:\/\/mplseguros.com\/index.php\/seguro-todo-riesgo-construccion-y-montaje\/\" \/>\n<meta property=\"og:locale\" content=\"en_US\" \/>\n<meta property=\"og:type\" content=\"article\" \/>\n<meta property=\"og:title\" content=\"Seguro Todo Riesgo Construcci\u00f3n y Montaje - MPL Seguros\" \/>\n<meta property=\"og:description\" content=\"BENEFICIOS Cada obra, ya sea una vivienda, edificio o infraestructuras, enfrentan innumerables desaf\u00edos y riesgos durante su proceso de construcci\u00f3n. Para proteger tus inversiones y asegurar la continuidad de tus proyectos, el Seguro de Todo Riesgo Construcci\u00f3n se convierte en tu aliado fundamental.&nbsp; Tambi\u00e9n conocido como seguro de construcci\u00f3n o seguro de obras, es una [&hellip;]\" \/>\n<meta property=\"og:url\" content=\"https:\/\/mplseguros.com\/index.php\/seguro-todo-riesgo-construccion-y-montaje\/\" \/>\n<meta property=\"og:site_name\" content=\"MPL Seguros\" \/>\n<meta property=\"article:modified_time\" content=\"2023-11-14T17:07:21+00:00\" \/>\n<meta name=\"twitter:card\" content=\"summary_large_image\" \/>\n<meta name=\"twitter:label1\" content=\"Est. reading time\" \/>\n\t<meta name=\"twitter:data1\" content=\"1 minute\" \/>\n<script type=\"application\/ld+json\" class=\"yoast-schema-graph\">{\"@context\":\"https:\/\/schema.org\",\"@graph\":[{\"@type\":\"WebPage\",\"@id\":\"https:\/\/mplseguros.com\/index.php\/seguro-todo-riesgo-construccion-y-montaje\/\",\"url\":\"https:\/\/mplseguros.com\/index.php\/seguro-todo-riesgo-construccion-y-montaje\/\",\"name\":\"Seguro Todo Riesgo Construcci\u00f3n y Montaje - MPL Seguros\",\"isPartOf\":{\"@id\":\"https:\/\/mplseguros.com\/#website\"},\"datePublished\":\"2023-10-20T16:33:24+00:00\",\"dateModified\":\"2023-11-14T17:07:21+00:00\",\"breadcrumb\":{\"@id\":\"https:\/\/mplseguros.com\/index.php\/seguro-todo-riesgo-construccion-y-montaje\/#breadcrumb\"},\"inLanguage\":\"en-US\",\"potentialAction\":[{\"@type\":\"ReadAction\",\"target\":[\"https:\/\/mplseguros.com\/index.php\/seguro-todo-riesgo-construccion-y-montaje\/\"]}]},{\"@type\":\"BreadcrumbList\",\"@id\":\"https:\/\/mplseguros.com\/index.php\/seguro-todo-riesgo-construccion-y-montaje\/#breadcrumb\",\"itemListElement\":[{\"@type\":\"ListItem\",\"position\":1,\"name\":\"Portada\",\"item\":\"https:\/\/mplseguros.com\/\"},{\"@type\":\"ListItem\",\"position\":2,\"name\":\"Seguro Todo Riesgo Construcci\u00f3n y Montaje\"}]},{\"@type\":\"WebSite\",\"@id\":\"https:\/\/mplseguros.com\/#website\",\"url\":\"https:\/\/mplseguros.com\/\",\"name\":\"MPL Seguros\",\"description\":\"\",\"publisher\":{\"@id\":\"https:\/\/mplseguros.com\/#organization\"},\"potentialAction\":[{\"@type\":\"SearchAction\",\"target\":{\"@type\":\"EntryPoint\",\"urlTemplate\":\"https:\/\/mplseguros.com\/?s={search_term_string}\"},\"query-input\":\"required name=search_term_string\"}],\"inLanguage\":\"en-US\"},{\"@type\":\"Organization\",\"@id\":\"https:\/\/mplseguros.com\/#organization\",\"name\":\"MPL Seguros\",\"url\":\"https:\/\/mplseguros.com\/\",\"logo\":{\"@type\":\"ImageObject\",\"inLanguage\":\"en-US\",\"@id\":\"https:\/\/mplseguros.com\/#\/schema\/logo\/image\/\",\"url\":\"https:\/\/mplseguros.com\/wp-content\/uploads\/2023\/04\/cropped-icono_Mesa-de-trabajo-1-1.png\",\"contentUrl\":\"https:\/\/mplseguros.com\/wp-content\/uploads\/2023\/04\/cropped-icono_Mesa-de-trabajo-1-1.png\",\"width\":4500,\"height\":1218,\"caption\":\"MPL Seguros\"},\"image\":{\"@id\":\"https:\/\/mplseguros.com\/#\/schema\/logo\/image\/\"}}]}<\/script>\n<!-- \/ Yoast SEO plugin. -->","yoast_head_json":{"title":"Seguro Todo Riesgo Construcci\u00f3n y Montaje - MPL Seguros","robots":{"index":"index","follow":"follow","max-snippet":"max-snippet:-1","max-image-preview":"max-image-preview:large","max-video-preview":"max-video-preview:-1"},"canonical":"https:\/\/mplseguros.com\/index.php\/seguro-todo-riesgo-construccion-y-montaje\/","og_locale":"en_US","og_type":"article","og_title":"Seguro Todo Riesgo Construcci\u00f3n y Montaje - MPL Seguros","og_description":"BENEFICIOS Cada obra, ya sea una vivienda, edificio o infraestructuras, enfrentan innumerables desaf\u00edos y riesgos durante su proceso de construcci\u00f3n. Para proteger tus inversiones y asegurar la continuidad de tus proyectos, el Seguro de Todo Riesgo Construcci\u00f3n se convierte en tu aliado fundamental.&nbsp; Tambi\u00e9n conocido como seguro de construcci\u00f3n o seguro de obras, es una [&hellip;]","og_url":"https:\/\/mplseguros.com\/index.php\/seguro-todo-riesgo-construccion-y-montaje\/","og_site_name":"MPL Seguros","article_modified_time":"2023-11-14T17:07:21+00:00","twitter_card":"summary_large_image","twitter_misc":{"Est. reading time":"1 minute"},"schema":{"@context":"https:\/\/schema.org","@graph":[{"@type":"WebPage","@id":"https:\/\/mplseguros.com\/index.php\/seguro-todo-riesgo-construccion-y-montaje\/","url":"https:\/\/mplseguros.com\/index.php\/seguro-todo-riesgo-construccion-y-montaje\/","name":"Seguro Todo Riesgo Construcci\u00f3n y Montaje - MPL Seguros","isPartOf":{"@id":"https:\/\/mplseguros.com\/#website"},"datePublished":"2023-10-20T16:33:24+00:00","dateModified":"2023-11-14T17:07:21+00:00","breadcrumb":{"@id":"https:\/\/mplseguros.com\/index.php\/seguro-todo-riesgo-construccion-y-montaje\/#breadcrumb"},"inLanguage":"en-US","potentialAction":[{"@type":"ReadAction","target":["https:\/\/mplseguros.com\/index.php\/seguro-todo-riesgo-construccion-y-montaje\/"]}]},{"@type":"BreadcrumbList","@id":"https:\/\/mplseguros.com\/index.php\/seguro-todo-riesgo-construccion-y-montaje\/#breadcrumb","itemListElement":[{"@type":"ListItem","position":1,"name":"Portada","item":"https:\/\/mplseguros.com\/"},{"@type":"ListItem","position":2,"name":"Seguro Todo Riesgo Construcci\u00f3n y Montaje"}]},{"@type":"WebSite","@id":"https:\/\/mplseguros.com\/#website","url":"https:\/\/mplseguros.com\/","name":"MPL Seguros","description":"","publisher":{"@id":"https:\/\/mplseguros.com\/#organization"},"potentialAction":[{"@type":"SearchAction","target":{"@type":"EntryPoint","urlTemplate":"https:\/\/mplseguros.com\/?s={search_term_string}"},"query-input":"required name=search_term_string"}],"inLanguage":"en-US"},{"@type":"Organization","@id":"https:\/\/mplseguros.com\/#organization","name":"MPL Seguros","url":"https:\/\/mplseguros.com\/","logo":{"@type":"ImageObject","inLanguage":"en-US","@id":"https:\/\/mplseguros.com\/#\/schema\/logo\/image\/","url":"https:\/\/mplseguros.com\/wp-content\/uploads\/2023\/04\/cropped-icono_Mesa-de-trabajo-1-1.png","contentUrl":"https:\/\/mplseguros.com\/wp-content\/uploads\/2023\/04\/cropped-icono_Mesa-de-trabajo-1-1.png","width":4500,"height":1218,"caption":"MPL Seguros"},"image":{"@id":"https:\/\/mplseguros.com\/#\/schema\/logo\/image\/"}}]}},"_links":{"self":[{"href":"https:\/\/mplseguros.com\/index.php\/wp-json\/wp\/v2\/pages\/2236"}],"collection":[{"href":"https:\/\/mplseguros.com\/index.php\/wp-json\/wp\/v2\/pages"}],"about":[{"href":"https:\/\/mplseguros.com\/index.php\/wp-json\/wp\/v2\/types\/page"}],"author":[{"embeddable":true,"href":"https:\/\/mplseguros.com\/index.php\/wp-json\/wp\/v2\/users\/1"}],"replies":[{"embeddable":true,"href":"https:\/\/mplseguros.com\/index.php\/wp-json\/wp\/v2\/comments?post=2236"}],"version-history":[{"count":5,"href":"https:\/\/mplseguros.com\/index.php\/wp-json\/wp\/v2\/pages\/2236\/revisions"}],"predecessor-version":[{"id":3007,"href":"https:\/\/mplseguros.com\/index.php\/wp-json\/wp\/v2\/pages\/2236\/revisions\/3007"}],"wp:attachment":[{"href":"https:\/\/mplseguros.com\/index.php\/wp-json\/wp\/v2\/media?parent=2236"}],"curies":[{"name":"wp","href":"https:\/\/api.w.org\/{rel}","templated":true}]}}